{"id":1126,"date":"2026-03-09T19:50:23","date_gmt":"2026-03-09T19:50:23","guid":{"rendered":"https:\/\/yesosdelcaribe.com.co\/newsite\/?page_id=1126"},"modified":"2026-03-09T20:21:52","modified_gmt":"2026-03-09T20:21:52","slug":"politica-integral-de-gestion","status":"publish","type":"page","link":"https:\/\/yesosdelcaribe.com.co\/newsite\/politica-integral-de-gestion\/","title":{"rendered":"Pol\u00edtica Integral de Gesti\u00f3n"},"content":{"rendered":"\t\t<div data-elementor-type=\"wp-page\" data-elementor-id=\"1126\" class=\"elementor elementor-1126\" data-elementor-post-type=\"page\">\n\t\t\t\t\t\t\t<div class=\"elementor-element elementor-element-1d54396 e-flex e-con-boxed elementor-invisible e-con e-parent\" data-id=\"1d54396\" data-element_type=\"container\" data-settings=\"{&quot;background_background&quot;:&quot;classic&quot;,&quot;animation&quot;:&quot;fadeIn&quot;,&quot;content_width&quot;:&quot;boxed&quot;}\" data-core-v316-plus=\"true\">\n\t\t\t\t\t<div class=\"e-con-inner\">\n\t\t<div class=\"elementor-element elementor-element-28daa38 e-con-full e-flex e-con e-child\" data-id=\"28daa38\" data-element_type=\"container\" data-settings=\"{&quot;content_width&quot;:&quot;full&quot;}\">\n\t\t\t\t<\/div>\n\t\t<div class=\"elementor-element elementor-element-ea611fb e-con-full e-flex e-con e-child\" data-id=\"ea611fb\" data-element_type=\"container\" data-settings=\"{&quot;content_width&quot;:&quot;full&quot;}\">\n\t\t\t\t<div class=\"elementor-element elementor-element-2bef179 elementor-widget elementor-widget-heading\" data-id=\"2bef179\" data-element_type=\"widget\" data-widget_type=\"heading.default\">\n\t\t\t\t<div class=\"elementor-widget-container\">\n\t\t\t<style>\/*! elementor - v3.16.0 - 20-09-2023 *\/\n.elementor-heading-title{padding:0;margin:0;line-height:1}.elementor-widget-heading .elementor-heading-title[class*=elementor-size-]>a{color:inherit;font-size:inherit;line-height:inherit}.elementor-widget-heading .elementor-heading-title.elementor-size-small{font-size:15px}.elementor-widget-heading .elementor-heading-title.elementor-size-medium{font-size:19px}.elementor-widget-heading .elementor-heading-title.elementor-size-large{font-size:29px}.elementor-widget-heading .elementor-heading-title.elementor-size-xl{font-size:39px}.elementor-widget-heading .elementor-heading-title.elementor-size-xxl{font-size:59px}<\/style><h2 class=\"elementor-heading-title elementor-size-default\">Pol\u00edtica Integral de Gesti\u00f3n<\/h2>\t\t<\/div>\n\t\t\t\t<\/div>\n\t\t\t\t<\/div>\n\t\t\t\t\t<\/div>\n\t\t\t\t<\/div>\n\t\t<div class=\"elementor-element elementor-element-b4b6cf4 e-con-full e-flex e-con e-parent\" data-id=\"b4b6cf4\" data-element_type=\"container\" data-settings=\"{&quot;content_width&quot;:&quot;full&quot;}\" data-core-v316-plus=\"true\">\n\t\t\t\t<div class=\"elementor-element elementor-element-113f6ed elementor-widget elementor-widget-spacer\" data-id=\"113f6ed\" data-element_type=\"widget\" data-widget_type=\"spacer.default\">\n\t\t\t\t<div class=\"elementor-widget-container\">\n\t\t\t<style>\/*! elementor - v3.16.0 - 20-09-2023 *\/\n.elementor-column .elementor-spacer-inner{height:var(--spacer-size)}.e-con{--container-widget-width:100%}.e-con-inner>.elementor-widget-spacer,.e-con>.elementor-widget-spacer{width:var(--container-widget-width,var(--spacer-size));--align-self:var(--container-widget-align-self,initial);--flex-shrink:0}.e-con-inner>.elementor-widget-spacer>.elementor-widget-container,.e-con>.elementor-widget-spacer>.elementor-widget-container{height:100%;width:100%}.e-con-inner>.elementor-widget-spacer>.elementor-widget-container>.elementor-spacer,.e-con>.elementor-widget-spacer>.elementor-widget-container>.elementor-spacer{height:100%}.e-con-inner>.elementor-widget-spacer>.elementor-widget-container>.elementor-spacer>.elementor-spacer-inner,.e-con>.elementor-widget-spacer>.elementor-widget-container>.elementor-spacer>.elementor-spacer-inner{height:var(--container-widget-height,var(--spacer-size))}.e-con-inner>.elementor-widget-spacer.elementor-widget-empty,.e-con>.elementor-widget-spacer.elementor-widget-empty{position:relative;min-height:22px;min-width:22px}.e-con-inner>.elementor-widget-spacer.elementor-widget-empty .elementor-widget-empty-icon,.e-con>.elementor-widget-spacer.elementor-widget-empty .elementor-widget-empty-icon{position:absolute;top:0;bottom:0;left:0;right:0;margin:auto;padding:0;width:22px;height:22px}<\/style>\t\t<div class=\"elementor-spacer\">\n\t\t\t<div class=\"elementor-spacer-inner\"><\/div>\n\t\t<\/div>\n\t\t\t\t<\/div>\n\t\t\t\t<\/div>\n\t\t\t\t<div class=\"elementor-element elementor-element-3f84986 elementor-widget elementor-widget-text-editor\" data-id=\"3f84986\" data-element_type=\"widget\" data-widget_type=\"text-editor.default\">\n\t\t\t\t<div class=\"elementor-widget-container\">\n\t\t\t<style>\/*! elementor - v3.16.0 - 20-09-2023 *\/\n.elementor-widget-text-editor.elementor-drop-cap-view-stacked .elementor-drop-cap{background-color:#69727d;color:#fff}.elementor-widget-text-editor.elementor-drop-cap-view-framed .elementor-drop-cap{color:#69727d;border:3px solid;background-color:transparent}.elementor-widget-text-editor:not(.elementor-drop-cap-view-default) .elementor-drop-cap{margin-top:8px}.elementor-widget-text-editor:not(.elementor-drop-cap-view-default) .elementor-drop-cap-letter{width:1em;height:1em}.elementor-widget-text-editor .elementor-drop-cap{float:left;text-align:center;line-height:1;font-size:50px}.elementor-widget-text-editor .elementor-drop-cap-letter{display:inline-block}<\/style>\t\t\t\t<p>YESOS Y CAOLINES DEL CARIBE S.A, en ejecuci\u00f3n de su misi\u00f3n en la fabricaci\u00f3n y comercializaci\u00f3n de yeso calcinado, morteros para la industria de la construcci\u00f3n; reconoce la mejora continua de sus procesos, cumplimiento de los requerimientos legales as\u00ed como normativos aplicables y controles operacionales eficientes, como parte determinante en el \u00e9xito de la misma. Consciente de ello desarrollamos nuestras actividades bajo los principios de gesti\u00f3n orientada a la seguridad y salud en el trabajo, la seguridad de nuestras operaciones, procesos ambientalmente responsables, orientaci\u00f3n a la satisfacci\u00f3n de los requisitos de nuestras partes interesadas y el apoyo para el desarrollo de las comunidades donde operamos.<\/p>\n<p>En Yesos y Caolines del Caribe SA, desde la alta direcci\u00f3n fomentamos y esperamos en los trabajadores que se cumplan los siguientes principios:<\/p>\t\t\t\t\t\t<\/div>\n\t\t\t\t<\/div>\n\t\t\t\t<div class=\"elementor-element elementor-element-8cafc5c elementor-widget elementor-widget-text-editor\" data-id=\"8cafc5c\" data-element_type=\"widget\" data-widget_type=\"text-editor.default\">\n\t\t\t\t<div class=\"elementor-widget-container\">\n\t\t\t\t\t\t\t<ul>\n<li>Prevenir la ocurrencia de accidentes de trabajo y generaci\u00f3n de enfermedades laborales inherentes a nuestra operaci\u00f3n mediante la identificaci\u00f3n continua a trav\u00e9s de la participaci\u00f3n y consulta continua de todos los trabajadores de peligros a la seguridad y salud en el trabajo, la valoraci\u00f3n de riesgo y la determinaci\u00f3n de controles, tendientes a eliminaci\u00f3n de peligros as\u00ed como a la reducci\u00f3n de riesgos de SST de nuestros trabajadores.<\/li>\n<li>Prevenir, mitigar, corregir y compensar los impactos ambientales generados por nuestras operaciones. Asegurando la protecci\u00f3n del ambiente garantizando el uso sostenible de recursos, la gesti\u00f3n eficaz de nuestros residuos y la adaptaci\u00f3n al cambio clim\u00e1tico y la protecci\u00f3n de la biodiversidad y los ecosistemas.<\/li>\n<li>Identificar y gestionar las competencias necesarias de nuestros trabajadores para la implementaci\u00f3n de los controles operacionales definidos en la organizaci\u00f3n; garantizar los mecanismos y medidas de consulta y participaci\u00f3n de nuestros trabajadores y sus representantes para garantizar el logro de nuestros objetivos estrat\u00e9gicos; que permita desarrollar a todo nivel una cultura de calidad, prevenci\u00f3n de riesgos, preservaci\u00f3n del ambiente y desarrollo de la comunidad.<\/li>\n<li>Asegurar la constante satisfacci\u00f3n de nuestros clientes y partes interesadas mediante el cumplimiento de los est\u00e1ndares de calidad de nuestros productos a trav\u00e9s de los planes de calidad, \u00a0promoviendo la implementaci\u00f3n del Sistema integral de Gesti\u00f3n, siempre apuntando a la excelencia y la cultura de servicio en la organizaci\u00f3n.<\/li>\n<li>Gestionamos, monitoreamos y aseguramos el desarrollo de las actividades en todos los niveles de la organizaci\u00f3n en un ambiente de trabajo sano, seguro, libre del uso, consumo y porte de sustancias psicoactivas, licor y cigarrillo; as\u00ed como libre de cualquier modalidad de acoso laboral y conductas que afecten la sana convivencia en la ejecuci\u00f3n de las actividades de la empresa.<\/li>\n<li>Garantizar para los cargos diferentes a los de direcci\u00f3n, confianza o manejo, la desconexi\u00f3n laboral una vez finalizada la jornada laboral y permitir el desarrollo de una vida personal de sus trabajadores; exceptuando solo cuando por autorizaci\u00f3n de la gerencia siempre que se justifique la inexistencia de otra alternativa viable y se presenten situaciones de fuerza mayor o casos fortuitos en los que se requiera cumplir deberes extras de colaboraci\u00f3n con la empresa, as\u00ed como cuando sea necesarios para la continuidad del servicio o para solucionar situaciones dif\u00edciles o de urgencia en la operaci\u00f3n de la empresa; para asegurar el cumplimiento de la desconexi\u00f3n laboral se proceder\u00e1 a realizar la definici\u00f3n de una gu\u00eda de aplicaci\u00f3n por la empresa.<\/li>\n<\/ul>\t\t\t\t\t\t<\/div>\n\t\t\t\t<\/div>\n\t\t\t\t<div class=\"elementor-element elementor-element-41fa33e elementor-widget elementor-widget-text-editor\" data-id=\"41fa33e\" data-element_type=\"widget\" data-widget_type=\"text-editor.default\">\n\t\t\t\t<div class=\"elementor-widget-container\">\n\t\t\t\t\t\t\t<p>Esta pol\u00edtica aplica para nuestros trabajadores, contratistas, proveedores y dem\u00e1s partes interesadas, con un alcance para todos nuestros centros de trabajo y\/o donde se desarrollen trabajos a nombre de Yesos y caolines del caribe SA.<\/p>\t\t\t\t\t\t<\/div>\n\t\t\t\t<\/div>\n\t\t\t\t<div class=\"elementor-element elementor-element-1883136 elementor-widget elementor-widget-text-editor\" data-id=\"1883136\" data-element_type=\"widget\" data-widget_type=\"text-editor.default\">\n\t\t\t\t<div class=\"elementor-widget-container\">\n\t\t\t\t\t\t\t<p><img loading=\"lazy\" decoding=\"async\" style=\"font-family: 'Arial Narrow', sans-serif; font-size: 9pt;\" src=\"data:image\/png;base64,\/9j\/4AAQSkZJRgABAQEAeAB4AAD\/2wBDAAoHBwkHBgoJCAkLCwoMDxkQDw4ODx4WFxIZJCAmJSMgIyIoLTkwKCo2KyIjMkQyNjs9QEBAJjBGS0U+Sjk\/QD3\/2wBDAQsLCw8NDx0QEB09KSMpPT09PT09PT09PT09PT09PT09PT09PT09PT09PT09PT09PT09PT09PT09PT09PT09PT3\/wAARCABLAKQDASIAAhEBAxEB\/8QAHwAAAQUBAQEBAQEAAAAAAAAAAAECAwQFBgcICQoL\/8QAtRAAAgEDAwIEAwUFBAQAAAF9AQIDAAQRBRIhMUEGE1FhByJxFDKBkaEII0KxwRVS0fAkM2JyggkKFhcYGRolJicoKSo0NTY3ODk6Q0RFRkdISUpTVFVWV1hZWmNkZWZnaGlqc3R1dnd4eXqDhIWGh4iJipKTlJWWl5iZmqKjpKWmp6ipqrKztLW2t7i5usLDxMXGx8jJytLT1NXW19jZ2uHi4+Tl5ufo6erx8vP09fb3+Pn6\/8QAHwEAAwEBAQEBAQEBAQAAAAAAAAECAwQFBgcICQoL\/8QAtREAAgECBAQDBAcFBAQAAQJ3AAECAxEEBSExBhJBUQdhcRMiMoEIFEKRobHBCSMzUvAVYnLRChYkNOEl8RcYGRomJygpKjU2Nzg5OkNERUZHSElKU1RVVldYWVpjZGVmZ2hpanN0dXZ3eHl6goOEhYaHiImKkpOUlZaXmJmaoqOkpaanqKmqsrO0tba3uLm6wsPExcbHyMnK0tPU1dbX2Nna4uPk5ebn6Onq8vP09fb3+Pn6\/9oADAMBAAIRAxEAPwD2aiiigAooooAKKKKACio5p4raF5p5FjjRSzO5wFA6kms+w1l9Su1FtYXH2IoW+1yYRW6bdqn5iDk84HT3oA1KKKKACiiigAoopksqQRNJK6pGgLMzHAAHUk0APqlfanFZbY8NNcyf6uCPBd\/oOw9ScAetUP7SvNa2ro4MFoRlr2WP7w7eWp6\/7x4+tXNO0Sz0ySSaBGa4lH7yaRizv35J98nAwOaALNoJxbJ9qKmY8sF6KT2HqB0z3qeqmo6nbaVbCa7cqrMEUKpZnY9FUDkn2FcpfeM7vVjDZeGLdjc3CbxLNt+Rc4yBk8A5BY8dhuPQA6\/7bbG9+yCeL7Ts8zyd437c4zjrjPep6xfD\/hyHRUeeV2udRuMG5upDlpD6ewHQD2raoASiiigBaKKKACiiigArP1DV4rCSOBY5Li7lBMdvEAWYDgk5wAORySBUF9qk0142m6SI3ulXM0z8x24PTOOrHsvHqSBjLre0sPD1k9xcTKGwDPdzsN8h9Wb+QHHYCgCC30SW+k+06+0V04bdFbAZhg9OD99v9oj6Y76N5qdjpvl\/bbuC281tiea4XcfQZ61zmo+Ib2\/CW2nJNatOMxFYw9w6\/wB4ITtjX\/af16Uab4EtzfLf6wRdzBfkjkdpAp45ZmPznj0VR\/d70AdbS1napYXt60JsdUlsdmdwSJHD5x13A4xjt61dhjMUKoztIVGCzdW9zQBJRVPU9Vs9ItftF9MI0zgDBLMT0AA5J+lZskWq68iFnk0mzJ3FUb\/SJB6E9I\/wyfcUAWbvXoIrprKzje+vV+9DDj937ux4X8efQGoYNEmvWM2vTLdnO5LZR+4i9sfxn3b8AK0rKxtbCHy7SBIl77Ryx9SepPua5rxRLqTTx20GqSW7ysfKtbCAPNIPVnY4Ue+AB6mgDrCVjQk4VVHJ6ACue1DxbB9iZ9K\/0hy3lpKyN5e89AOMuT2C59yBzXOx6RqVrdxWuoanJrdzIpY6fK\/7mIf35WPUD028noKm0u1fWZ5U0+6uZXQ7JNSlTakI7pbL0Gf73ZSOTxQBVWxv9c1GWKeRbm+RQHWVcx22RyZMHGSOkS8dNxbrXb6Podto8J8sCS4cDzZ2A3yH+gHZRwO1WNP0+30y0S3tU2ovJJ5LHuxPcnuatUAFFFFACUUUUALRRRQAVjeJ9Wk0nTYnheKJ550gE0xwkO7q7fQA\/jitdmVFLOQqgZJPQCsJru58RebBp+bfT8bWvGQEzZ7RA8Y\/2jx6A9QAUpfEGnaDYx2GhodUvCOIrdvMZj3eRlzyTySeuagtPDer6xcC\/wBdvDbSFfkihwzRA9lJyqH1IDN\/tV1Gm6XaaRZJa2UKxRIMcdW9ye596t0AVNP0y00uDyrOFYwfvN1Zz6sx5Y+55q3RWbqutwaWqpskuLqT\/V20K7pH98dh6k8CgDRZgoJYgAckmubvPFSzSeXpj2yQjIe\/u22wLjsvTzD9CB71K2iXWu+XJr7hYAd62EDEID6SN\/Hj04HsapaFotnY+ItSt721jmuGbz7eeUb2MRP3VzwoU8YGOMUAN0\/UNAs7mS7+3TapfOMNOkTzEdeECqQq+w\/HOKvN4tILeXoOtuoGQ\/2UKDx\/tMD+la9\/f2ul2vnXUgjTO1RjJY9lUDkn2FZY0+519Uk1hDBZ7g6WSsct6eae\/wDuDj1zQBlSeL9U1O2VtH0S9WNjhp2jVsD\/AGBuAY++cD0NUbfXZrOK4tdE0K9+2Kc3dzNskcE92IbBb2JAH04rpLvUJb+6bS9FkRPLG25ulGVt\/wDZUdC+PwHf0qjbWMGsxHS7JZYdEtTtllUkG8cdQG6lc\/eb+I8etAGBa3DajZrDBoWsDS5D5lxLGsZmvX9XbcPl+mc9OB17ay1eCQJCljfWwGFVXtHVR2AyAQAPyrSRFjQIihVUYAAwAKdQAUUUUAFFFFACUUUUALTJJEhjaSRgqICzMxwAB1NPrBmEfiW\/ktWDNplq2Jh0E8oP3c91XHI7nA7EUANWCTxORLeRmPS0fdDDkhrnHR3\/ANnuF79T6VvgAAADAFFLQAU1mCKWYgADJJPSqWoazaac6xSuz3Eg\/dwRKXkf6KOce\/T1NZiaVfa\/GzeIQsVqxylhE3GOo8xh94+w4+tAD\/7XutbneDQysdunEl\/JGWQn0jHG4+\/QY71f0nRrXSInEG95ZTulnlbdJK3qT\/TpV2ONIY1jjVURQAqqMAAdgKfQAVzPjK4awjs9QswZL+2kJjhUZMsZH7xeOgxzntgVsanqa6fGoWN57mXKwwJy0h\/oPUngVFYaaLTfeX0vnXsiYllbhVXrtUfwqP8A65zQBDpVj50serXdwt1cSxjyiv8Aq4kbnCD34yx5Pt0qGe\/n126lsNJmMVtHlbi9Vc89DHGem71bnb9emFotxdX+oTaDa3TQ6XGXlhuEBEksOQNiEjGASQWHbGPWui1Cc6TZW+maJBGbt12W8X8MaDALt\/srn8Tgd6AKk8azFPDmjuLe3hjxdyxjJiQ9EB\/vtknJ5AyepFdDBBHbW8cECBIo1CIo6ADgCq2l6ZDpdp5URLOzF5ZW+9K56s3uf\/rVdoAKKKKACiiigAopM4paAEooooAK5rRNZstIsU0\/VZlsbqEsG+0ny1lJYkujHhgc54PHeumpksUcyFZUV19GGRQBlN4q0fdtgvo7p\/7lqDOfyQGoTca3qsu21gGl2mOZ5wHmb\/dQHC\/VifpW3HEkS7Y0VF9FGBT6AM3S9CstIaSS3RnuJuZriVi0kh9yf5DitKiigApCcAk9qWkPSgDk9N1zTwv9s6jfRtcXfy21uh3tHHnIVUXJLHgnjrx2q2bK98Slv7Uiez0zPyWofEk49ZCPuj\/ZH4+latrpGn2V1JcWtjbQzyk75I4grN35Iq7QBy\/ie0vbC50rVNGtPPayZoXto1+\/EwAwPTGB9OvQGtLRdNmgL3+otv1G5UebzlYl6iNP9kZPPc8\/TVpaACiiigBKWiigAooooASloooASiiigD\/\/2Q==\" width=\"131\" height=\"60\" \/><\/p>\n<p>Emilio Crismatt Abuchaibe<\/p>\n<p>Representante Legal<\/p>\n<p><strong>\u00a0<\/strong><strong>Publicado 08\/01\/26<\/strong><\/p>\t\t\t\t\t\t<\/div>\n\t\t\t\t<\/div>\n\t\t\t\t<div class=\"elementor-element elementor-element-e5215d4 elementor-hidden-desktop elementor-hidden-tablet elementor-hidden-mobile elementor-widget elementor-widget-text-editor\" data-id=\"e5215d4\" data-element_type=\"widget\" data-widget_type=\"text-editor.default\">\n\t\t\t\t<div class=\"elementor-widget-container\">\n\t\t\t\t\t\t\t<table width=\"672\">\n<tbody>\n<tr>\n<td colspan=\"3\" width=\"599\">\n<p>CONTROL DE CAMBIOS<\/p>\n<\/td>\n<\/tr>\n<tr>\n<td width=\"199\">\n<p>FECHA<\/p>\n<\/td>\n<td width=\"200\">\n<p>DESCRIPCION DEL CAMBIO<\/p>\n<\/td>\n<td width=\"200\">\n<p>VERSION<\/p>\n<\/td>\n<\/tr>\n<tr>\n<td width=\"199\">\n<p>Junio 2016<\/p>\n<\/td>\n<td width=\"200\">\n<p>Creaci\u00f3n del documento<\/p>\n<\/td>\n<td width=\"200\">\n<p>1<\/p>\n<\/td>\n<\/tr>\n<tr>\n<td width=\"199\">\n<p>Febrero 2018<\/p>\n<\/td>\n<td width=\"200\">\n<p>Se incluye el numeral 5.2 f participaci\u00f3n y consulta\u00a0 de los trabajadores cuando existan representantes de los trabajadores<\/p>\n<\/td>\n<td width=\"200\">\n<p>2<\/p>\n<\/td>\n<\/tr>\n<tr>\n<td width=\"199\">\n<p>Febrero 2021<\/p>\n<\/td>\n<td width=\"200\">\n<p>Se incluye la nueva actividad econ\u00f3mica \u201dfabricaci\u00f3n productos de aseo e higiene dom\u00e9stica\u201d<\/p>\n<\/td>\n<td width=\"200\">\n<p>3<\/p>\n<\/td>\n<\/tr>\n<tr>\n<td width=\"199\">\n<p>Febrero 2022<\/p>\n<\/td>\n<td width=\"200\">\n<p>Se incluye el numeral 5.2 c Nota con respecto la adaptaci\u00f3n del cambio clim\u00e1tico<\/p>\n<\/td>\n<td width=\"200\">\n<p>4<\/p>\n<\/td>\n<\/tr>\n<tr>\n<td width=\"199\">\n<p>Febrero 2023<\/p>\n<\/td>\n<td width=\"200\">\n<p>Se incluyen compromiso de cumplimiento de RL uso, consumo y porte de sustancias sicoactivas y RL desconexi\u00f3n laboral<\/p>\n<\/td>\n<td width=\"200\">\n<p>\u00a05<\/p>\n<\/td>\n<\/tr>\n<tr>\n<td width=\"199\">\n<p>Abril 2024<\/p>\n<\/td>\n<td width=\"200\">\n<p>Revisi\u00f3n general de la pol\u00edtica y confirmaci\u00f3n considerando las nuevas directrices.<\/p>\n<\/td>\n<td width=\"200\">\n<p>6<\/p>\n<\/td>\n<\/tr>\n<tr>\n<td width=\"199\">\n<p>Abril 2025<\/p>\n<\/td>\n<td width=\"200\">\n<p>Se incluye en el \u00edtem ambiental \u2013 el compromiso por la protecci\u00f3n a la biodiversidad y los ecosistemas<\/p>\n<\/td>\n<td width=\"200\">\n<p>7<\/p>\n<\/td>\n<\/tr>\n<tr>\n<td width=\"199\">\n<p>Enero 2026<\/p>\n<\/td>\n<td width=\"200\">\n<p>Revisi\u00f3n de la pol\u00edtica SIG, continua con versi\u00f3n 7 debido a que no hubieron cambios en su estructura<\/p>\n<\/td>\n<td width=\"200\">\n<p>7<\/p>\n<\/td>\n<\/tr>\n<\/tbody>\n<\/table>\t\t\t\t\t\t<\/div>\n\t\t\t\t<\/div>\n\t\t\t\t<\/div>\n\t\t<div class=\"elementor-element elementor-element-3b80e51 e-flex e-con-boxed e-con e-parent\" data-id=\"3b80e51\" data-element_type=\"container\" data-settings=\"{&quot;content_width&quot;:&quot;boxed&quot;}\" data-core-v316-plus=\"true\">\n\t\t\t\t\t<div class=\"e-con-inner\">\n\t\t<div class=\"elementor-element elementor-element-7e88320 e-con-full e-flex e-con e-child\" data-id=\"7e88320\" data-element_type=\"container\" data-settings=\"{&quot;content_width&quot;:&quot;full&quot;}\">\n\t\t\t\t<div class=\"elementor-element elementor-element-d8976f0 elementor-widget elementor-widget-image\" data-id=\"d8976f0\" data-element_type=\"widget\" data-widget_type=\"image.default\">\n\t\t\t\t<div class=\"elementor-widget-container\">\n\t\t\t<style>\/*! elementor - v3.16.0 - 20-09-2023 *\/\n.elementor-widget-image{text-align:center}.elementor-widget-image a{display:inline-block}.elementor-widget-image a img[src$=\".svg\"]{width:48px}.elementor-widget-image img{vertical-align:middle;display:inline-block}<\/style>\t\t\t\t\t\t\t\t\t\t\t\t<img loading=\"lazy\" decoding=\"async\" width=\"512\" height=\"628\" src=\"https:\/\/yesosdelcaribe.com.co\/newsite\/wp-content\/uploads\/2026\/03\/WhatsApp-Image-2026-03-09-at-3.20.01-PM.jpeg\" class=\"attachment-large size-large wp-image-1165\" alt=\"\" srcset=\"https:\/\/yesosdelcaribe.com.co\/newsite\/wp-content\/uploads\/2026\/03\/WhatsApp-Image-2026-03-09-at-3.20.01-PM.jpeg 512w, https:\/\/yesosdelcaribe.com.co\/newsite\/wp-content\/uploads\/2026\/03\/WhatsApp-Image-2026-03-09-at-3.20.01-PM-245x300.jpeg 245w\" sizes=\"auto, (max-width: 512px) 100vw, 512px\" \/>\t\t\t\t\t\t\t\t\t\t\t\t\t\t\t<\/div>\n\t\t\t\t<\/div>\n\t\t\t\t<\/div>\n\t\t<div class=\"elementor-element elementor-element-a2ef9e1 e-con-full e-flex e-con e-child\" data-id=\"a2ef9e1\" data-element_type=\"container\" data-settings=\"{&quot;content_width&quot;:&quot;full&quot;}\">\n\t\t\t\t<div class=\"elementor-element elementor-element-de65b66 elementor-widget elementor-widget-image\" data-id=\"de65b66\" data-element_type=\"widget\" data-widget_type=\"image.default\">\n\t\t\t\t<div class=\"elementor-widget-container\">\n\t\t\t\t\t\t\t\t\t\t\t\t\t\t\t<img loading=\"lazy\" decoding=\"async\" width=\"404\" height=\"420\" src=\"https:\/\/yesosdelcaribe.com.co\/newsite\/wp-content\/uploads\/2026\/03\/WhatsApp-Image-2026-03-09-at-3.20.51-PM.jpeg\" class=\"attachment-large size-large wp-image-1169\" alt=\"\" srcset=\"https:\/\/yesosdelcaribe.com.co\/newsite\/wp-content\/uploads\/2026\/03\/WhatsApp-Image-2026-03-09-at-3.20.51-PM.jpeg 404w, https:\/\/yesosdelcaribe.com.co\/newsite\/wp-content\/uploads\/2026\/03\/WhatsApp-Image-2026-03-09-at-3.20.51-PM-289x300.jpeg 289w\" sizes=\"auto, (max-width: 404px) 100vw, 404px\" \/>\t\t\t\t\t\t\t\t\t\t\t\t\t\t\t<\/div>\n\t\t\t\t<\/div>\n\t\t\t\t<\/div>\n\t\t\t\t\t<\/div>\n\t\t\t\t<\/div>\n\t\t<div class=\"elementor-element elementor-element-d6eac33 e-con-full e-flex e-con e-parent\" data-id=\"d6eac33\" data-element_type=\"container\" data-settings=\"{&quot;content_width&quot;:&quot;full&quot;}\" data-core-v316-plus=\"true\">\n\t\t\t\t<div class=\"elementor-element elementor-element-a0d12d6 elementor-widget elementor-widget-spacer\" data-id=\"a0d12d6\" data-element_type=\"widget\" data-widget_type=\"spacer.default\">\n\t\t\t\t<div class=\"elementor-widget-container\">\n\t\t\t\t\t<div class=\"elementor-spacer\">\n\t\t\t<div class=\"elementor-spacer-inner\"><\/div>\n\t\t<\/div>\n\t\t\t\t<\/div>\n\t\t\t\t<\/div>\n\t\t<div class=\"elementor-element elementor-element-2b0860b e-con-full e-flex e-con e-child\" data-id=\"2b0860b\" data-element_type=\"container\" data-settings=\"{&quot;content_width&quot;:&quot;full&quot;}\">\n\t\t\t\t<\/div>\n\t\t\t\t<\/div>\n\t\t<div class=\"elementor-element elementor-element-5263e8f e-con-full e-flex e-con e-parent\" data-id=\"5263e8f\" data-element_type=\"container\" data-settings=\"{&quot;content_width&quot;:&quot;full&quot;,&quot;background_background&quot;:&quot;classic&quot;}\" data-core-v316-plus=\"true\">\n\t\t\t\t<div class=\"elementor-element elementor-element-f895895 elementor-cta--skin-cover elementor-animated-content elementor-bg-transform elementor-bg-transform-zoom-in elementor-widget elementor-widget-call-to-action\" data-id=\"f895895\" data-element_type=\"widget\" data-widget_type=\"call-to-action.default\">\n\t\t\t\t<div class=\"elementor-widget-container\">\n\t\t\t<link rel=\"stylesheet\" href=\"https:\/\/yesosdelcaribe.com.co\/newsite\/wp-content\/plugins\/pro-elements\/assets\/css\/widget-call-to-action.min.css\">\t\t<div class=\"elementor-cta\">\n\t\t\t\t\t<div class=\"elementor-cta__bg-wrapper\">\n\t\t\t\t<div class=\"elementor-cta__bg elementor-bg\" style=\"background-image: url(https:\/\/yesosdelcaribe.com.co\/newsite\/wp-content\/uploads\/2023\/10\/plants2-1024x587.jpeg);\" role=\"img\" aria-label=\"plants2\"><\/div>\n\t\t\t\t<div class=\"elementor-cta__bg-overlay\"><\/div>\n\t\t\t<\/div>\n\t\t\t\t\t\t\t<div class=\"elementor-cta__content\">\n\t\t\t\t\n\t\t\t\t\t\t\t\t\t<h2 class=\"elementor-cta__title elementor-cta__content-item elementor-content-item elementor-animated-item--grow\">\n\t\t\t\t\t\tCont\u00e1ctanos\t\t\t\t\t<\/h2>\n\t\t\t\t\n\t\t\t\t\t\t\t\t\t<div class=\"elementor-cta__description elementor-cta__content-item elementor-content-item elementor-animated-item--grow\">\n\t\t\t\t\t\tPara brindarte una mejor asesor\u00eda\t\t\t\t\t<\/div>\n\t\t\t\t\n\t\t\t\t\t\t\t\t\t<div class=\"elementor-cta__button-wrapper elementor-cta__content-item elementor-content-item elementor-animated-item--grow\">\n\t\t\t\t\t<a class=\"elementor-cta__button elementor-button elementor-size-sm\">\n\t\t\t\t\t\tClic Aqu\u00ed\t\t\t\t\t<\/a>\n\t\t\t\t\t<\/div>\n\t\t\t\t\t\t\t<\/div>\n\t\t\t\t\t\t<\/div>\n\t\t\t\t<\/div>\n\t\t\t\t<\/div>\n\t\t\t\t<\/div>\n\t\t<div class=\"elementor-element elementor-element-d47bedb e-con-full e-flex e-con e-parent\" data-id=\"d47bedb\" data-element_type=\"container\" data-settings=\"{&quot;content_width&quot;:&quot;full&quot;}\" data-core-v316-plus=\"true\">\n\t\t\t\t<div class=\"elementor-element elementor-element-8ebd477 elementor-widget elementor-widget-spacer\" data-id=\"8ebd477\" data-element_type=\"widget\" data-widget_type=\"spacer.default\">\n\t\t\t\t<div class=\"elementor-widget-container\">\n\t\t\t\t\t<div class=\"elementor-spacer\">\n\t\t\t<div class=\"elementor-spacer-inner\"><\/div>\n\t\t<\/div>\n\t\t\t\t<\/div>\n\t\t\t\t<\/div>\n\t\t\t\t<\/div>\n\t\t\t\t\t\t\t<\/div>\n\t\t","protected":false},"excerpt":{"rendered":"<p>Pol\u00edtica Integral de Gesti\u00f3n YESOS Y CAOLINES DEL CARIBE S.A, en ejecuci\u00f3n de su misi\u00f3n en la fabricaci\u00f3n y comercializaci\u00f3n de yeso calcinado, morteros para la industria de la construcci\u00f3n; reconoce la mejora continua de sus procesos, cumplimiento de los requerimientos legales as\u00ed como normativos aplicables y controles operacionales eficientes, como parte determinante en el &hellip;<\/p>\n<p class=\"read-more\"> <a class=\"\" href=\"https:\/\/yesosdelcaribe.com.co\/newsite\/politica-integral-de-gestion\/\"> <span class=\"screen-reader-text\">Pol\u00edtica Integral de Gesti\u00f3n<\/span> Leer m\u00e1s &raquo;<\/a><\/p>\n","protected":false},"author":1,"featured_media":0,"parent":0,"menu_order":0,"comment_status":"closed","ping_status":"closed","template":"","meta":{"site-sidebar-layout":"no-sidebar","site-content-layout":"","ast-site-content-layout":"full-width-container","site-content-style":"default","site-sidebar-style":"default","ast-global-header-display":"disabled","ast-banner-title-visibility":"disabled","ast-main-header-display":"","ast-hfb-above-header-display":"","ast-hfb-below-header-display":"","ast-hfb-mobile-header-display":"","site-post-title":"disabled","ast-breadcrumbs-content":"","ast-featured-img":"disabled","footer-sml-layout":"disabled","theme-transparent-header-meta":"","adv-header-id-meta":"","stick-header-meta":"","header-above-stick-meta":"","header-main-stick-meta":"","header-below-stick-meta":"","astra-migrate-meta-layouts":"","footnotes":""},"class_list":["post-1126","page","type-page","status-publish","hentry"],"_links":{"self":[{"href":"https:\/\/yesosdelcaribe.com.co\/newsite\/wp-json\/wp\/v2\/pages\/1126","targetHints":{"allow":["GET"]}}],"collection":[{"href":"https:\/\/yesosdelcaribe.com.co\/newsite\/wp-json\/wp\/v2\/pages"}],"about":[{"href":"https:\/\/yesosdelcaribe.com.co\/newsite\/wp-json\/wp\/v2\/types\/page"}],"author":[{"embeddable":true,"href":"https:\/\/yesosdelcaribe.com.co\/newsite\/wp-json\/wp\/v2\/users\/1"}],"replies":[{"embeddable":true,"href":"https:\/\/yesosdelcaribe.com.co\/newsite\/wp-json\/wp\/v2\/comments?post=1126"}],"version-history":[{"count":40,"href":"https:\/\/yesosdelcaribe.com.co\/newsite\/wp-json\/wp\/v2\/pages\/1126\/revisions"}],"predecessor-version":[{"id":1172,"href":"https:\/\/yesosdelcaribe.com.co\/newsite\/wp-json\/wp\/v2\/pages\/1126\/revisions\/1172"}],"wp:attachment":[{"href":"https:\/\/yesosdelcaribe.com.co\/newsite\/wp-json\/wp\/v2\/media?parent=1126"}],"curies":[{"name":"wp","href":"https:\/\/api.w.org\/{rel}","templated":true}]}}